{"id":1589,"date":"2024-07-07T15:32:08","date_gmt":"2024-07-07T15:32:08","guid":{"rendered":"https:\/\/esaferal.com\/?page_id=1589"},"modified":"2024-07-07T15:32:08","modified_gmt":"2024-07-07T15:32:08","slug":"aviso-legal","status":"publish","type":"page","link":"https:\/\/esaferal.com\/it\/aviso-legal\/","title":{"rendered":"Aviso Legal"},"content":{"rendered":"\n<p>En cumplimiento con el deber de informaci\u00f3n dispuesto en la Ley org\u00e1nica 3\/2018 y la Ley 34\/2002 de Servicios de la Sociedad de Informaci\u00f3n y del Comercio Electr\u00f3nico LSSI-CE de 11 de julio, se facilitan a continuaci\u00f3n los siguientes datos de informaci\u00f3n generales de este sitio web.<\/p>\n\n\n\n<p>La titularidad de este sitio web la ostenta:<\/p>\n\n\n\n<ul class=\"wp-block-list\">\n<li>Empresa: ESAFERAL SL<\/li>\n\n\n\n<li>NIF: B24687550<\/li>\n\n\n\n<li>Direcci\u00f3n: C\/ Comendador Salda\u00f1a 4 Bj<\/li>\n\n\n\n<li>Localidad: 24300- BEMBIBRE<\/li>\n\n\n\n<li>Provincia: LEON<\/li>\n\n\n\n<li>Tel\u00e9fono: 671 406 899<\/li>\n\n\n\n<li>E-mail: info@esaferal.com<\/li>\n<\/ul>\n\n\n\n<h2 class=\"wp-block-heading\">TERMINOS Y CONDICIONES GENERALES DE USO<\/h2>\n\n\n\n<p>El objeto de las presentes condiciones generales de uso (en adelante condiciones) es regular el acceso y la utilizaci\u00f3n del sitio web. A los efectos de las presentes condiciones se entender\u00e1 como sitio web la apariencia externa de los interfaces de pantalla, tanto de forma est\u00e1tica como de forma din\u00e1mica, es decir, el \u00e1rbol de navegaci\u00f3n y a todos los elementos integrados tanto en los interfaces de pantalla como en el \u00e1rbol de navegaci\u00f3n (en adelante contenidos) y todos aquellos servicios o recursos en l\u00ednea que en su caso ofrezca a los usuarios (en adelante servicios)<\/p>\n\n\n\n<p>ESAFERAL SL se reserva la facultad de modificar, en cualquier momento y sin aviso previo, la presentaci\u00f3n y configuraci\u00f3n del sitio web y de los contenidos y de los servicios que en \u00e9l pudieran estar incorporados. El usuario reconoce y acepta que en cualquier momento ESAFERAL SL pueda interrumpir, desactivar y\/o cancelar cualquiera de estos elementos que se integran en el sitio web o accesos a los mismos.<\/p>\n\n\n\n<p>El acceso al sitio web por el usuario tiene car\u00e1cter libre y, por regla general, es gratuito sin que el usuario tenga que proporcionar contraprestaci\u00f3n para poder disfrutar de ello, salvo en lo relativo al coste de conexi\u00f3n a trav\u00e9s de la red de telecomunicaciones suministrada por el proveedor de acceso que hubiera contratado el usuario.<\/p>\n\n\n\n<p>La utilizaci\u00f3n de alguno de los contenidos o servicios del sitio web podr\u00e1 hacerse mediante la suscripci\u00f3n o registro previo del usuario.<\/p>\n\n\n\n<h2 class=\"wp-block-heading\">USUARIO<\/h2>\n\n\n\n<p>El acceso, la navegaci\u00f3n y el uso del sitio web, as\u00ed como por los espacios habilitados para interactuar entre los usuarios, y el usuario y ESAFERAL SL como comentarios y\/o espacios de blogging, confiere la condici\u00f3n de usuario, por lo que se aceptan, desde que se inicia la navegaci\u00f3n por el sitio web, todas la condiciones aqu\u00ed establecida, as\u00ed como sus ulteriores modificaciones, sin perjuicio de la aplicaci\u00f3n de la correspondiente normativa legal de obligado cumplimiento seg\u00fan el caso. Dada la relevancia de lo anterior, se recomienda al usuario leerlas cada vez que visite el sitio web.<\/p>\n\n\n\n<p>El sitio web de ESAFERAL SL proporciona gran diversidad de informaci\u00f3n, servicios y datos. El usuario asume su responsabilidad para realizar un uso correcto del sitio web, Esta responsabilidad se extender\u00e1 a:<\/p>\n\n\n\n<p>Un uso de la informaci\u00f3n, contenidos y\/o servicios y datos ofrecidos por ESAFERAL SL sin que sea contrario a lo dispuesto en las presentes condiciones, la ley, la moral y el orden p\u00fablico, o que de cualquier otro modo puedan suponer lesi\u00f3n a los derechos de terceros o del mismo funcionamiento de la web.<\/p>\n\n\n\n<p>La veracidad y licitud de las informaciones aportadas por el usuario en los formularios extendidos por ESAFERAL SL para el acceso a ciertos contenidos o servicios ofrecidos por el sitio web. En todo caso, el usuario notificar\u00e1 de forma inmediata a ESAFERAL SL acerca de cualquier hecho que permita el uso indebido de la informaci\u00f3n registrada en dichos formularios, tales como, pero no s\u00f3lo, el robo, extravi\u00f3, o el acceso no autorizado a identificadores y\/o contrase\u00f1as, con el fin de proceder a su inmediata cancelaci\u00f3n.<\/p>\n\n\n\n<p>ESAFERAL SL se reserva el derecho de retirar todos aquellos comentarios y aportaciones que vulneren la ley, el respeto o la dignidad de la persona, que sean discriminatorios, xen\u00f3fobos, racistas, pornogr\u00e1ficos, spinning, que atenten contra la juventud o la infancia, el orden o la seguridad p\u00fablica o que, a su juicio, no resultaran adecuados para su publicaci\u00f3n.<\/p>\n\n\n\n<p>En cualquier caso, ESAFERAL SL no ser\u00e1 responsable de las opiniones vertidas por los usuarios a trav\u00e9s de comentarios u otras herramientas de blogging o de participaci\u00f3n que pueda haber.<\/p>\n\n\n\n<p>El mero acceso a este sitio web no supone entablar ning\u00fan tipo de relaci\u00f3n de car\u00e1cter comercial entre ESAFERAL SL y el usuario.<\/p>\n\n\n\n<p>El usuario declara ser mayor de edad y disponer de la capacidad jur\u00eddica suficiente para vincularse por las presentes condiciones. Por lo tanto, este sitio web de ESAFERAL SL no se dirige a menores de edad, ESAFERAL SL declina cualquier responsabilidad por el incumplimiento de este requisito.<\/p>\n\n\n\n<p>El sitio web est\u00e1 dirigido principalmente a usuarios residentes en Espa\u00f1a, ESAFERAL SL no asegura que el sitio web cumpla con las legislaciones de otros pa\u00edses, ya sea total o parcialmente, Si el usuario reside o tiene su domicilio en otro lugar y decide acceder y\/o navegar en el sitio web lo har\u00e1 bajo su propia responsabilidad, deber\u00e1 asegurarse de que tal acceso y navegaci\u00f3n cumple con la legislaci\u00f3n local que le es aplicable, no asumiendo ESAFERAL SL responsabilidad alguna que se pueda derivar de dicho acceso.<\/p>\n\n\n\n<h2 class=\"wp-block-heading\">ACCESO Y NAVEGACION EN EL SITIO WEB: EXCLUSION DE GARANTIAS Y RESPONSABILIDAD<\/h2>\n\n\n\n<p>ESAFERAL SL no garantiza la continuidad, disponibilidad y utilidad del sitio web, ni de los contenidos o servicios. ESAFERAL SL har\u00e1 todo lo posible por el buen funcionamiento del sitio web, sin embargo, no se responsabiliza ni garantiza que el acceso a este sitio web no vaya a ser ininterrumpido o que est\u00e9 libre de error.<\/p>\n\n\n\n<p>Tampoco se responsabiliza o garantiza que el contenido o software al que pueda accederse a trav\u00e9s de este sitio web est\u00e9 libre de error o cause un da\u00f1o al sistema inform\u00e1tico (software y hardware) del usuario. En ning\u00fan caso ESAFERAL SL ser\u00e1 responsable de las p\u00e9rdidas, da\u00f1os o perjuicios de cualquier tipo que surjan por el acceso, navegaci\u00f3n y el uso del sitio web, incluy\u00e9ndose, pero no limit\u00e1ndose, a los ocasionados a los sistemas inform\u00e1ticos o los provocados por la introducci\u00f3n del virus.<\/p>\n\n\n\n<p>ESAFERAL SL tampoco se hace responsable de los da\u00f1os que pudiesen ocasionarse a los usuarios por un uso inadecuado de este sitio web.<\/p>\n\n\n\n<p>En particular, no se hace responsable en modo alguno de las ca\u00eddas, interrupciones, falta o defecto de las telecomunicaciones que pudieran ocurrir.<\/p>\n","protected":false},"excerpt":{"rendered":"<p>En cumplimiento con el deber de informaci\u00f3n dispuesto en la Ley org\u00e1nica 3\/2018 y la Ley 34\/2002 de Servicios de la Sociedad de Informaci\u00f3n y del Comercio Electr\u00f3nico LSSI-CE de 11 de julio, se facilitan a continuaci\u00f3n los siguientes datos de informaci\u00f3n generales de este sitio web. La titularidad de este sitio web la ostenta: [&hellip;]<\/p>\n","protected":false},"author":2,"featured_media":0,"parent":0,"menu_order":0,"comment_status":"closed","ping_status":"closed","template":"","meta":{"_joinchat":[],"footnotes":""},"class_list":["post-1589","page","type-page","status-publish","hentry"],"_links":{"self":[{"href":"https:\/\/esaferal.com\/it\/wp-json\/wp\/v2\/pages\/1589","targetHints":{"allow":["GET"]}}],"collection":[{"href":"https:\/\/esaferal.com\/it\/wp-json\/wp\/v2\/pages"}],"about":[{"href":"https:\/\/esaferal.com\/it\/wp-json\/wp\/v2\/types\/page"}],"author":[{"embeddable":true,"href":"https:\/\/esaferal.com\/it\/wp-json\/wp\/v2\/users\/2"}],"replies":[{"embeddable":true,"href":"https:\/\/esaferal.com\/it\/wp-json\/wp\/v2\/comments?post=1589"}],"version-history":[{"count":1,"href":"https:\/\/esaferal.com\/it\/wp-json\/wp\/v2\/pages\/1589\/revisions"}],"predecessor-version":[{"id":1590,"href":"https:\/\/esaferal.com\/it\/wp-json\/wp\/v2\/pages\/1589\/revisions\/1590"}],"wp:attachment":[{"href":"https:\/\/esaferal.com\/it\/wp-json\/wp\/v2\/media?parent=1589"}],"curies":[{"name":"wp","href":"https:\/\/api.w.org\/{rel}","templated":true}]}}