{"id":1594,"date":"2024-07-07T15:32:55","date_gmt":"2024-07-07T15:32:55","guid":{"rendered":"https:\/\/esaferal.com\/?page_id=1594"},"modified":"2024-07-07T15:32:56","modified_gmt":"2024-07-07T15:32:56","slug":"politica-de-privacidad","status":"publish","type":"page","link":"https:\/\/esaferal.com\/fr\/politica-de-privacidad\/","title":{"rendered":"Pol\u00edtica de privacidad"},"content":{"rendered":"\n<p>ESAFERAL SL se compromete a adoptar las medidas t\u00e9cnicas y organizativas necesarias, seg\u00fan el nivel de seguridad adecuado al riesgo de los datos<\/p>\n\n\n\n<h2 class=\"wp-block-heading\">LEYES QUE INCORPORA ESTA POLITICA DE PRIVACIDAD<\/h2>\n\n\n\n<p>Ley Org\u00e1nica 3\/2018 de 5 de diciembre de Protecci\u00f3n de Datos Personales y garant\u00eda de los derechos digitales.<\/p>\n\n\n\n<p>Reglamento (UE) 2016\/679 del Parlamento Europeo y del Consejo de 27 de abril de 2016, relativo a la protecci\u00f3n de las personas f\u00edsicas en lo que respecta al tratamiento de datos personales y a la libre circulaci\u00f3n de estos datos (RGPD).<\/p>\n\n\n\n<p>Ley 34\/2002 de 11 de julio de servicios de la sociedad de informaci\u00f3n y comercio electr\u00f3nico (LSSI-CE)<\/p>\n\n\n\n<h2 class=\"wp-block-heading\">REGISTRO DE DATOS DE CAR\u00c1CTER PERSONAL<\/h2>\n\n\n\n<p>Los datos personales recabados por ESAFERAL SL mediante los formularios extendido en sus p\u00e1ginas, ser\u00e1n introducidos en un fichero automatizado bajo la responsabilidad del Responsable de Tratamiento, con la finalidad de poder facilitar, agilizar y cumplir los compromisos establecidos entre ESAFERAL SL y el usuario o el mantenimiento de la relaci\u00f3n que se establezca en los formularios que este rellene o para atender una solicitud o consulta del mismo.<\/p>\n\n\n\n<h2 class=\"wp-block-heading\">PRINCIPOS APLICABLES AL TRATAMIENTO DE DATOS PERSONALES<\/h2>\n\n\n\n<p>El tratamiento de los datos personales del usuario se someter\u00e1 a los siguientes principios recogidos en el art\u00edculo 5 del RGPD:<\/p>\n\n\n\n<p>Principio de licitud, lealtad y transparencia: Se requerir\u00e1 en todo momento el consentimiento del usuario previa informaci\u00f3n completamente transparente de los fines para los cuales se recogen los datos personales.<\/p>\n\n\n\n<p>Principio de limitaci\u00f3n de la finalidad: Los datos personales ser\u00e1n recogidos con fines determinados, expl\u00edcitos y leg\u00edtimos.<\/p>\n\n\n\n<p>Principio de minimizaci\u00f3n de datos: Los datos personales recogidos ser\u00e1n \u00fanicamente los estrictamente necesarios en relaci\u00f3n con los fines para lo que son tratados.<\/p>\n\n\n\n<p>Principio de exactitud: Los datos personales deben ser exactos y estar siempre actualizados.<\/p>\n\n\n\n<p>Principio de limitaci\u00f3n del plazo de conservaci\u00f3n: Los datos personales solo ser\u00e1n mantenidos de forma que se permita la identificaci\u00f3n del usuario durante el tiempo necesario para los fines de su tratamiento<\/p>\n\n\n\n<p>Principio de integridad y confidencialidad: Los datos personales ser\u00e1n tratados de manera que se garantice su seguridad y confidencialidad<\/p>\n\n\n\n<p>Principio de responsabilidad proactiva: El Responsable del Tratamiento ser\u00e1 responsable de asegurar que los principios anteriores se cumplen.<\/p>\n\n\n\n<h2 class=\"wp-block-heading\">CATEGORIA DE DATOS PERSONALES<\/h2>\n\n\n\n<p>Las categor\u00edas de datos que se tratan en ESAFERAL SL son \u00fanicamente datos identificativos. En ning\u00fan caso, se tratan categor\u00edas especiales de datos personales en el sentido del art\u00edculo 9 de RGPD.<\/p>\n\n\n\n<h2 class=\"wp-block-heading\">BASE LEGAL PARA EL TRATAMIENTO DE LOS DATOS PERSONALES<\/h2>\n\n\n\n<p>La base legal para el tratamiento de los datos personales es el consentimiento, ESAFERAL SL se compromete a recabar el consentimiento expreso y verificable del usuario para el tratamiento de sus datos personales para uno o varios fines espec\u00edficos.<\/p>\n\n\n\n<p>El usuario tendr\u00e1 derecho a retirar su consentimiento en cualquier momento. Como regla general, la retirada del consentimiento no condicionar\u00e1 el uso del sitio web<\/p>\n\n\n\n<p>En las ocasiones en la que el usuario deba o pueda facilitar sus datos a trav\u00e9s de formularios para realizar consultas, solicitar informaci\u00f3n o por motivos relacionados con el contenido del sitio web, se le informar\u00e1 en caso de que la cumplimentaci\u00f3n de alguno de ellos sea obligatoria debido a que los mismos sean imprescindibles para el correcto desarrollo de la operaci\u00f3n realizada.<\/p>\n\n\n\n<h2 class=\"wp-block-heading\">FINES DEL TRATAMIENTO A QUE SE DESTINAN LOS DATOS PERSONALES<\/h2>\n\n\n\n<p>Los datos personales son recabados y gestionados por ESAFERAL SL con la finalidad de poder facilitar, agilizar y cumplir los compromisos establecidos entre el sitio web y el usuario o el mantenimiento de la relaci\u00f3n que se establezca en los formularios que este \u00faltimo rellene o para atender una solicitud o consulta.<\/p>\n\n\n\n<p>Igualmente, los datos podr\u00e1n ser utilizados con una finalidad comercial de personalizaci\u00f3n, operativa y estad\u00edstica y actividades propias del objeto social de ESAFERAL SL as\u00ed como para la extracci\u00f3n, almacenamiento de datos y estudios de marketing para adecuar el contenido ofertado al usuario, as\u00ed como mejorar la calidad, funcionamiento y navegaci\u00f3n por el sitio web.<\/p>\n\n\n\n<p>En el momento en que se obtengan los datos personales, se informar\u00e1 al usuario acerca del fin o fines espec\u00edficos del tratamiento a que se destinar\u00e1n los datos personales, es decir, del uso o usos que se dar\u00e1 a la informaci\u00f3n recopilada.<\/p>\n\n\n\n<h2 class=\"wp-block-heading\">PERIODOS DE RETENCION DE LOS DATOS PERSONALES<\/h2>\n\n\n\n<p>Los datos personales solo ser\u00e1n retenidos durante el tiempo minino necesario para los fines de su tratamiento y, en todo caso, \u00fanicamente durante el plazo de seis a\u00f1os o hasta que el usuario solicite la supresi\u00f3n.<\/p>\n\n\n\n<p>En el momento en que se obtengan los datos personales se informar\u00e1 al usuario del plazo durante el cual se conservar\u00e1n los datos personales o, cuando eso no sea posible, los criterios utilizados para determinar el plazo<\/p>\n\n\n\n<h2 class=\"wp-block-heading\">DESTINATARIOS DE LOS DATOS PERSONALES<\/h2>\n\n\n\n<p>Los datos personales no ser\u00e1n compartidos con otras empresas.<\/p>\n\n\n\n<p>En caso de que el Responsable del Tratamiento tenga la intenci\u00f3n de transferir datos personales a un tercer pa\u00eds u organizaci\u00f3n internacional, se informara al usuario acerca del tercer pa\u00eds u organizaci\u00f3n internacional al cual se tiene la intenci\u00f3n de transferir los datos en el momento en que se obtengan los datos personales, as\u00ed como la existencia o ausencia de una decisi\u00f3n de adecuaci\u00f3n de la Comisi\u00f3n.<\/p>\n\n\n\n<h2 class=\"wp-block-heading\">DATOS PERSONALES DE MENORES DE EDAD<\/h2>\n\n\n\n<p>Esta p\u00e1gina web no est\u00e1 dirigida a usuarios menores de edad. Si usted es menor de edad, por favor no intente registrarse como usuario. Si descubrimos que por error hemos obtenido informaci\u00f3n personal de un menor, eliminaremos dicha informaci\u00f3n lo antes posible.<\/p>\n\n\n\n<p>Respetando lo establecido en los art\u00edculos 8 del RGPD y del RDLOPD, solo los mayores de 14 a\u00f1os podr\u00e1n otorgar su consentimiento para el tratamiento de sus datos personales de forma l\u00edcita por ESAFERAL SL. Si se trata de un menor de 14 a\u00f1os, ser\u00e1 necesario el consentimiento de los padres o tutores para el tratamiento y este solo se considerar\u00e1 licito en la medida en que los mismos lo hayan autorizado.<\/p>\n\n\n\n<h2 class=\"wp-block-heading\">SECRETO Y SEGURIDAD DE LOS DATOS PERSONALES<\/h2>\n\n\n\n<p>ESAFERAL SL se compromete a adoptar las medidas t\u00e9cnicas y organizativas necesarias, seg\u00fan el nivel de seguridad adecuado al riesgo de los datos recogidos, de forma que se garantice la seguridad de los datos de car\u00e1cter personal y se evite la destrucci\u00f3n, p\u00e9rdida o alteraci\u00f3n accidental o il\u00edcita de datos personales transmitidos, conservados o tratados de otra forma, o la comunicaci\u00f3n o accesos no autorizado a dichos datos.<\/p>\n\n\n\n<p>Sin embargo, debido a que ESAFERAL SL no puede garantizar la inexpugnabilidad de internet ni la ausencia total de hackers u otros que accedan de modo fraudulento a los datos personales, el Responsable de Tratamiento se compromete a comunicar al usuario sin dilaci\u00f3n indebida cuando ocurra una violaci\u00f3n de la seguridad de los datos personales que sea probable que entra\u00f1e un alto riesgo para los derechos y libertades de las personas f\u00edsicas. Siguiendo lo establecido en el art\u00edculo 4 del RGPD, se entiende por violaci\u00f3n de la seguridad de los datos personales toda violaci\u00f3n de seguridad que ocasiones la destrucci\u00f3n, p\u00e9rdida o alteraci\u00f3n accidental o il\u00edcita de datos personales transmitidos, conservados o tratados de otra forma o la comunicaci\u00f3n o acceso no autorizados a dichos datos.<\/p>\n\n\n\n<p>Los datos personales ser\u00e1n tratados como confidenciales por el Responsable del Tratamiento, quien se compromete a informar y a garantizar por medio de una obligaci\u00f3n legal o contractual que dicha confidencialidad sea respetada por sus empleados, asociados y toda personal a la cual le haga accesible la informaci\u00f3n.<\/p>\n\n\n\n<h2 class=\"wp-block-heading\">DERECHOS DERIVADOS DEL TRATAMIENTO DE LOS DATOS PERSONALES<\/h2>\n\n\n\n<p>El usuario tiene sobre ESAFERAL SL y podr\u00e1, por tanto, ejercer frente al responsable del tratamiento los siguientes derechos reconocidos por el RGPD:<\/p>\n\n\n\n<p>Derecho de acceso: Es el derecho del usuario a obtener confirmaci\u00f3n de si ESAFERAL SL est\u00e1 tratando o no sus datos personales y, en caso afirmativo, obtener informaci\u00f3n sobre los datos concretos de car\u00e1cter personal y del tratamiento que ESAFERAL SL haya realizado o realice, as\u00ed como, entre otra, de la informaci\u00f3n disponible sobre el origen de dichos datos y los destinatarios de las comunicaciones realizadas o previstas por los mismos.<\/p>\n\n\n\n<p>Derecho de rectificaci\u00f3n: Es el derecho del usuario a que se modifiquen sus datos personales que resulten inexactos o, teniendo en cuenta los fines del tratamiento, incompletos.<\/p>\n\n\n\n<p>Derecho de supresi\u00f3n: Es el derecho del usuario, siempre que la legislaci\u00f3n no establezca lo contrario, a obtener la supresi\u00f3n de sus datos personales cuando estos ya no sean necesarios para los fines para los cuales fueron recogidos o tratados, el usuario haya retirado su consentimiento al tratamiento y este no cuente con otra base legal, el usuario se oponga al tratamiento y no exista otro motivo legitimo para continuar con el mismo, los datos personales hayan sido tratados il\u00edcitamente, los datos personales deban suprimirse en una oferta directa de servicios de la sociedad de la informaci\u00f3n a un menor de 14 a\u00f1os. Adem\u00e1s de suprimir los datos, el Responsable del Tratamiento, teniendo en cuenta la tecnolog\u00eda disponible y el coste de su aplicaci\u00f3n, deber\u00e1 adoptar medidas razonables para informar a los responsables que est\u00e9n tratando los datos personales de la solicitud del interesado de supresi\u00f3n de cualquier enlace a esos datos personales.<\/p>\n\n\n\n<p>Derecho a la limitaci\u00f3n del tratamiento: Es el derecho del usuario a limitar el tratamiento de sus datos personales. El usuario tiene derecho a obtener la limitaci\u00f3n del tratamiento cuando impugne la informaci\u00f3n de sus datos personales, el tratamiento sea il\u00edcito, el Responsable del Tratamiento ya no necesite los datos personales, pero el usuario lo necesite para hacer reclamaciones y cuando el usuario se haya opuesto al tratamiento.<\/p>\n\n\n\n<p>Derecho a la portabilidad de los datos: En caso de que el tratamiento se efectu\u00e9 por medios automatizados, el usuario tendr\u00e1 derecho a recibir del Responsable de Tratamiento sus datos personales en un formato estructurado de uso com\u00fan y lectura f\u00e1cil y a trasmitirlos a otro Responsable del Tratamiento. Siempre que sea t\u00e9cnicamente posible, el Responsable del Tratamiento trasmitir\u00e1 directamente los datos a otro responsable.<\/p>\n\n\n\n<p>Derecho de oposici\u00f3n: Es el derecho del usuario a que no se lleve a cabo tratamiento de sus datos de car\u00e1cter personal o se cese el tratamiento de los mismos por parte de ESAFERAL SL.<\/p>\n\n\n\n<p>Derecho a no ser objeto de una decisi\u00f3n basada \u00fanicamente en el tratamiento automatizado, incluida la elaboraci\u00f3n de perfiles: Es el derecho del usuario a no ser objeto de una decisi\u00f3n individualizada basada \u00fanicamente en el tratamiento automatizado de sus datos personales, incluida la elaboraci\u00f3n de perfiles, existente salvo que la legislaci\u00f3n vigente establezca lo contrario.<\/p>\n\n\n\n<p>As\u00ed pues el usuario podr\u00e1 ejercitar sus derechos mediante comunicaci\u00f3n escrita dirigida al Responsable de Tratamiento con la referencia RGPD ESAFERAL SL especificando:<\/p>\n\n\n\n<p>Nombre y apellidos del usuario y copia del DNI. En los casos que se admita la representaci\u00f3n ser\u00e1 tambi\u00e9n necesaria la identificaci\u00f3n por el mismo medio de la persona que representa al usuario, as\u00ed como el documento acreditativo de la representaci\u00f3n, la fotocopia del DNI podr\u00e1 ser sustituida, por cualquier otro medio valido en derecho que acredite la identidad<\/p>\n\n\n\n<p>Petici\u00f3n con los motivos espec\u00edficos de la solicitud o informaci\u00f3n a que se quiere acceder.<\/p>\n\n\n\n<p>Domicilio a efectos de notificaci\u00f3n<\/p>\n\n\n\n<p>Fecha y firma del solicitante<\/p>\n\n\n\n<p>Todo documento que acredite la petici\u00f3n formulada<\/p>\n\n\n\n<p>Esta solicitud y todo otro documento adjunto podr\u00e1 enviarse a:<\/p>\n\n\n\n<ul class=\"wp-block-list\">\n<li>Empresa: ESAFERAL SL<\/li>\n\n\n\n<li>NIF: B24687550<\/li>\n\n\n\n<li>Direcci\u00f3n: C\/ Comendador Salda\u00f1a 4 Bj<\/li>\n\n\n\n<li>Localidad: 24300- BEMBIBRE<\/li>\n\n\n\n<li>Provincia: LEON<\/li>\n\n\n\n<li>Tel\u00e9fono: 671 406 899<\/li>\n\n\n\n<li>E-mail: info@esaferal.com<\/li>\n<\/ul>\n\n\n\n<h2 class=\"wp-block-heading\">ENLACES A SITIOS WEB DE TERCEROS<\/h2>\n\n\n\n<p>El sitio web puede incluir hiperv\u00ednculos o enlaces que permite acceder a p\u00e1ginas web de terceros distintos de ESAFERAL SL los titulares de dichos sitios web dispondr\u00e1n de sus propias pol\u00edticas de protecci\u00f3n de datos, siendo ellos mismos, en cada caso, responsables de sus propios ficheros y de sus propias pr\u00e1cticas de privacidad.<\/p>\n\n\n\n<h2 class=\"wp-block-heading\">RECLAMACIONES ANTE LA AUTORIDAD DE CONTROL<\/h2>\n\n\n\n<p>En caso de que el usuario considere que existe un problema o infracci\u00f3n de la normativa vigente en la forma en la que est\u00e1n tratando sus datos personales, tendr\u00e1 derecho a la tutela judicial efectiva y a presentar una reclamaci\u00f3n ante una autoridad de control, en el estado donde tenga su residencia habitual. En el caso de Espa\u00f1a, la autoridad de control es la Agencia Espa\u00f1ola de Protecci\u00f3n de Datos, www.agpd.es.<\/p>\n\n\n\n<h2 class=\"wp-block-heading\">ACEPTACION Y CAMBIOS EN ESTA POLITICA DE PRIVACIDAD<\/h2>\n\n\n\n<p>Es necesario que el usuario haya le\u00eddo y este conforme con las condiciones sobre protecci\u00f3n de datos de car\u00e1cter personal contendida en esta Pol\u00edtica de Privacidad, as\u00ed como que acepte el tratamiento de sus datos personales para que el Responsable del Tratamiento pueda proceder al mismo en la forma, durante los plazos y para finalidades indicadas. El uso del sitio web implicar\u00e1 la aceptaci\u00f3n de la Pol\u00edtica de Privacidad del mismo.<\/p>\n\n\n\n<p>ESAFERAL SL se reserva derecho a modificar su Pol\u00edtica de Privacidad, de acuerdo a su propio criterio o motivado por un cambio legislativo, jurisprudencial o doctrinal de la Agencia Espa\u00f1ola de Protecci\u00f3n de Datos. Los cambios o actualizaciones de esta Pol\u00edtica de Privacidad ser\u00e1n notificados de forma expl\u00edcita al usuario.<\/p>\n\n\n\n<p>La Pol\u00edtica de Privacidad fue actualizada el d\u00eda 05 de diciembre de 2018 para adaptarse a la Ley Org\u00e1nica de Datos Personales y garant\u00eda de los derechos digitales y el 25 de mayo de 2018, para adaptarse el Reglamento (UE) 2016\/679 del Parlamento Europeo y del Consejo de 27 de abril de 2016, relativo a la protecci\u00f3n de las personas f\u00edsicas, en lo que respecta al tratamiento de datos personales y a la libre circulaci\u00f3n de estos datos (RGPD)<\/p>\n\n\n\n<p>\u00daltima modificaci\u00f3n en este sitio web 2 de mayo de 2024.<\/p>\n","protected":false},"excerpt":{"rendered":"<p>ESAFERAL SL se compromete a adoptar las medidas t\u00e9cnicas y organizativas necesarias, seg\u00fan el nivel de seguridad adecuado al riesgo de los datos LEYES QUE INCORPORA ESTA POLITICA DE PRIVACIDAD Ley Org\u00e1nica 3\/2018 de 5 de diciembre de Protecci\u00f3n de Datos Personales y garant\u00eda de los derechos digitales. Reglamento (UE) 2016\/679 del Parlamento Europeo y [&hellip;]<\/p>\n","protected":false},"author":2,"featured_media":0,"parent":0,"menu_order":0,"comment_status":"closed","ping_status":"closed","template":"","meta":{"_joinchat":[],"footnotes":""},"class_list":["post-1594","page","type-page","status-publish","hentry"],"_links":{"self":[{"href":"https:\/\/esaferal.com\/fr\/wp-json\/wp\/v2\/pages\/1594","targetHints":{"allow":["GET"]}}],"collection":[{"href":"https:\/\/esaferal.com\/fr\/wp-json\/wp\/v2\/pages"}],"about":[{"href":"https:\/\/esaferal.com\/fr\/wp-json\/wp\/v2\/types\/page"}],"author":[{"embeddable":true,"href":"https:\/\/esaferal.com\/fr\/wp-json\/wp\/v2\/users\/2"}],"replies":[{"embeddable":true,"href":"https:\/\/esaferal.com\/fr\/wp-json\/wp\/v2\/comments?post=1594"}],"version-history":[{"count":1,"href":"https:\/\/esaferal.com\/fr\/wp-json\/wp\/v2\/pages\/1594\/revisions"}],"predecessor-version":[{"id":1597,"href":"https:\/\/esaferal.com\/fr\/wp-json\/wp\/v2\/pages\/1594\/revisions\/1597"}],"wp:attachment":[{"href":"https:\/\/esaferal.com\/fr\/wp-json\/wp\/v2\/media?parent=1594"}],"curies":[{"name":"wp","href":"https:\/\/api.w.org\/{rel}","templated":true}]}}